{"id":320,"date":"2020-04-03T07:30:12","date_gmt":"2020-04-03T07:30:12","guid":{"rendered":"http:\/\/demo.gretathemes.com\/estar\/?page_id=2"},"modified":"2024-05-29T12:04:59","modified_gmt":"2024-05-29T10:04:59","slug":"front-page","status":"publish","type":"page","link":"http:\/\/absys.dacya.ucm.es\/","title":{"rendered":"Inicio"},"content":{"rendered":"\n<div class=\"wp-block-cover alignfull is-light has-parallax wp-duotone-rgb000-rgb255255255-1\" style=\"min-height:600px;aspect-ratio:unset;\"><span aria-hidden=\"true\" class=\"wp-block-cover__background has-background-dim-30 has-background-dim\"><\/span><div class=\"wp-block-cover__image-background wp-image-1127 has-parallax\" style=\"background-position:50% 50%;background-image:url(http:\/\/absys.dacya.ucm.es\/wp-content\/uploads\/2024\/01\/negro.png)\"><\/div><div class=\"wp-block-cover__inner-container is-layout-flow wp-block-cover-is-layout-flow\">\n<div style=\"height:0px\" aria-hidden=\"true\" class=\"wp-block-spacer\"><\/div>\n\n\n\n<div class=\"wp-block-columns alignfull is-layout-flex wp-container-core-columns-is-layout-9d6595d7 wp-block-columns-is-layout-flex\">\n<div class=\"wp-block-column is-vertically-aligned-top is-layout-flow wp-block-column-is-layout-flow\" style=\"flex-basis:400px\"><div class=\"wp-block-image\">\n<figure class=\"alignleft size-large is-resized\"><img fetchpriority=\"high\" decoding=\"async\" width=\"1024\" height=\"942\" src=\"http:\/\/absys.dacya.ucm.es\/wp-content\/uploads\/2024\/01\/3-2016-07-21-Marca-UCM-logo-negro-1-1024x942.png\" alt=\"\" class=\"wp-image-1155\" style=\"width:200px\" srcset=\"http:\/\/absys.dacya.ucm.es\/wp-content\/uploads\/2024\/01\/3-2016-07-21-Marca-UCM-logo-negro-1-1024x942.png 1024w, http:\/\/absys.dacya.ucm.es\/wp-content\/uploads\/2024\/01\/3-2016-07-21-Marca-UCM-logo-negro-1-300x276.png 300w, http:\/\/absys.dacya.ucm.es\/wp-content\/uploads\/2024\/01\/3-2016-07-21-Marca-UCM-logo-negro-1-768x706.png 768w, http:\/\/absys.dacya.ucm.es\/wp-content\/uploads\/2024\/01\/3-2016-07-21-Marca-UCM-logo-negro-1.png 1181w\" sizes=\"(max-width: 1024px) 100vw, 1024px\" \/><\/figure>\n<\/div><\/div>\n\n\n\n<div class=\"wp-block-column is-vertically-aligned-top is-layout-flow wp-block-column-is-layout-flow\"><div class=\"wp-block-image is-style-default\">\n<figure class=\"aligncenter size-medium is-resized\"><img decoding=\"async\" width=\"300\" height=\"243\" src=\"http:\/\/absys.dacya.ucm.es\/wp-content\/uploads\/2024\/01\/logo-absys-1-300x243.jpg\" alt=\"\" class=\"wp-image-1149\" style=\"width:auto;height:350px\" srcset=\"http:\/\/absys.dacya.ucm.es\/wp-content\/uploads\/2024\/01\/logo-absys-1-300x243.jpg 300w, http:\/\/absys.dacya.ucm.es\/wp-content\/uploads\/2024\/01\/logo-absys-1.jpg 465w\" sizes=\"(max-width: 300px) 100vw, 300px\" \/><\/figure>\n<\/div><\/div>\n\n\n\n<div class=\"wp-block-column is-vertically-aligned-top is-layout-flow wp-block-column-is-layout-flow\" style=\"flex-basis:400px\"><div class=\"wp-block-image is-style-default\">\n<figure class=\"alignright size-medium is-resized\"><img decoding=\"async\" width=\"300\" height=\"53\" src=\"http:\/\/absys.dacya.ucm.es\/wp-content\/uploads\/2024\/01\/UE-300x53.png\" alt=\"\" class=\"wp-image-1113\" style=\"width:auto;height:50px\" srcset=\"http:\/\/absys.dacya.ucm.es\/wp-content\/uploads\/2024\/01\/UE-300x53.png 300w, http:\/\/absys.dacya.ucm.es\/wp-content\/uploads\/2024\/01\/UE.png 528w\" sizes=\"(max-width: 300px) 100vw, 300px\" \/><\/figure>\n<\/div>\n\n<div class=\"wp-block-image\">\n<figure class=\"alignright size-medium is-resized\"><img loading=\"lazy\" decoding=\"async\" width=\"300\" height=\"75\" src=\"http:\/\/absys.dacya.ucm.es\/wp-content\/uploads\/2024\/01\/esp-300x75.png\" alt=\"\" class=\"wp-image-1116\" style=\"width:287px;height:auto\" srcset=\"http:\/\/absys.dacya.ucm.es\/wp-content\/uploads\/2024\/01\/esp-300x75.png 300w, http:\/\/absys.dacya.ucm.es\/wp-content\/uploads\/2024\/01\/esp-1024x256.png 1024w, http:\/\/absys.dacya.ucm.es\/wp-content\/uploads\/2024\/01\/esp-768x192.png 768w, http:\/\/absys.dacya.ucm.es\/wp-content\/uploads\/2024\/01\/esp-1536x385.png 1536w, http:\/\/absys.dacya.ucm.es\/wp-content\/uploads\/2024\/01\/esp-2048x513.png 2048w\" sizes=\"(max-width: 300px) 100vw, 300px\" \/><\/figure>\n<\/div>\n\n<div class=\"wp-block-image\">\n<figure class=\"alignright size-medium is-resized\"><img loading=\"lazy\" decoding=\"async\" width=\"221\" height=\"300\" src=\"http:\/\/absys.dacya.ucm.es\/wp-content\/uploads\/2024\/01\/CM-1-221x300.png\" alt=\"\" class=\"wp-image-1115\" style=\"width:92px;height:auto\" srcset=\"http:\/\/absys.dacya.ucm.es\/wp-content\/uploads\/2024\/01\/CM-1-221x300.png 221w, http:\/\/absys.dacya.ucm.es\/wp-content\/uploads\/2024\/01\/CM-1.png 378w\" sizes=\"(max-width: 221px) 100vw, 221px\" \/><\/figure>\n<\/div><\/div>\n<\/div>\n\n\n\n<h3 class=\"wp-block-heading has-text-align-center subtitle has-white-color has-text-color has-link-color wp-elements-84dc0efaba6603d228d09a1444a9c430\">Adaptive and Bioinspired Systems Research Group<\/h3>\n<\/div><\/div>\n\n\n\n<div style=\"height:64px\" aria-hidden=\"true\" class=\"wp-block-spacer\"><\/div>\n\n\n\n<div class=\"wp-block-media-text alignwide has-media-on-the-right is-vertically-aligned-center is-stacked-on-mobile\" style=\"grid-template-columns:auto 58%\"><div class=\"wp-block-media-text__content\">\n<div style=\"height:20px\" aria-hidden=\"true\" class=\"wp-block-spacer\"><\/div>\n\n\n\n<div class=\"wp-block-group has-background\" style=\"background:linear-gradient(155deg,rgb(77,195,60) 0%,rgb(159,223,150) 100%)\"><div class=\"wp-block-group__inner-container is-layout-constrained wp-block-group-is-layout-constrained\">\n<h2 class=\"wp-block-heading has-4-xl-font-size\">Objetivos<\/h2>\n\n\n\n<p class=\"justificar has-lg-font-size\">ABSYS es un grupo de investigaci\u00f3n cuyos objetivos &nbsp;son el dise\u00f1o y la implementaci\u00f3n de Sistemas Adaptativos y Bioinspirados para resolver problemas de optimizaci\u00f3n y modelizaci\u00f3n. En el pasado hemos trabajado en la aplicaci\u00f3n de ideas tomadas de la computaci\u00f3n paralela, cluster y grid a algoritmos inspirados en la naturaleza y la aplicaci\u00f3n de Algoritmos Bioinspirados para resolver problemas de optimizaci\u00f3n con especial \u00e9nfasis en arquitecturas paralelas y problemas de optimizaci\u00f3n de sistemas embebidos. En la actualidad la mayor parte de la investigaci\u00f3n tiene que ver con aplicaciones&nbsp;m\u00e9dicas de la inteligencia artificial implementada&nbsp;en arquitecturas tanto software como hardware.<\/p>\n\n\n\n<div class=\"wp-block-buttons is-layout-flex wp-block-buttons-is-layout-flex\">\n<div class=\"wp-block-button\"><a class=\"wp-block-button__link wp-element-button\" href=\"http:\/\/absys.dacya.ucm.es\/?page_id=1079\"> Saber M\u00e1s <\/a><\/div>\n<\/div>\n<\/div><\/div>\n<\/div><figure class=\"wp-block-media-text__media\"><img loading=\"lazy\" decoding=\"async\" width=\"1024\" height=\"475\" src=\"http:\/\/absys.dacya.ucm.es\/wp-content\/uploads\/2024\/02\/10710_2021_9424_Fig3_HTML.png-1024x475.webp\" alt=\"\" class=\"wp-image-1160 size-full\" srcset=\"http:\/\/absys.dacya.ucm.es\/wp-content\/uploads\/2024\/02\/10710_2021_9424_Fig3_HTML.png-1024x475.webp 1024w, http:\/\/absys.dacya.ucm.es\/wp-content\/uploads\/2024\/02\/10710_2021_9424_Fig3_HTML.png-300x139.webp 300w, http:\/\/absys.dacya.ucm.es\/wp-content\/uploads\/2024\/02\/10710_2021_9424_Fig3_HTML.png-768x356.webp 768w, http:\/\/absys.dacya.ucm.es\/wp-content\/uploads\/2024\/02\/10710_2021_9424_Fig3_HTML.png.webp 1380w\" sizes=\"(max-width: 1024px) 100vw, 1024px\" \/><\/figure><\/div>\n\n\n\n<div class=\"wp-block-media-text alignwide is-vertically-aligned-center is-stacked-on-mobile\" style=\"grid-template-columns:63% auto\"><figure class=\"wp-block-media-text__media\"><img loading=\"lazy\" decoding=\"async\" width=\"1024\" height=\"264\" src=\"http:\/\/absys.dacya.ucm.es\/wp-content\/uploads\/2024\/02\/figura1web-1024x264.jpeg\" alt=\"\" class=\"wp-image-1159 size-full\" srcset=\"http:\/\/absys.dacya.ucm.es\/wp-content\/uploads\/2024\/02\/figura1web-1024x264.jpeg 1024w, http:\/\/absys.dacya.ucm.es\/wp-content\/uploads\/2024\/02\/figura1web-300x77.jpeg 300w, http:\/\/absys.dacya.ucm.es\/wp-content\/uploads\/2024\/02\/figura1web-768x198.jpeg 768w, http:\/\/absys.dacya.ucm.es\/wp-content\/uploads\/2024\/02\/figura1web-1536x395.jpeg 1536w, http:\/\/absys.dacya.ucm.es\/wp-content\/uploads\/2024\/02\/figura1web-2048x527.jpeg 2048w\" sizes=\"(max-width: 1024px) 100vw, 1024px\" \/><\/figure><div class=\"wp-block-media-text__content\">\n<div style=\"height:20px\" aria-hidden=\"true\" class=\"wp-block-spacer\"><\/div>\n\n\n\n<div class=\"wp-block-group has-background\" style=\"background:linear-gradient(205deg,rgb(77,195,60) 0%,rgb(159,223,150) 100%)\"><div class=\"wp-block-group__inner-container is-layout-constrained wp-block-group-is-layout-constrained\">\n<h2 class=\"wp-block-heading has-4-xl-font-size\">Equipo<\/h2>\n\n\n\n<p class=\"justificar has-lg-font-size\">El equipo de investigaci\u00f3n est\u00e1 formado&nbsp;por un grupo multidisciplinar. De la Universidad Complutense&nbsp;de Madrid participan dos Catedr\u00e1ticos de Universidad, un Profesor Titular de Universidad, dos profesores Colaboradores y un Ayudante. Participan tambi\u00e9n dos M\u00e9dicos especialistas en Endocrinolog\u00eda y Nutrici\u00f3n pertenecientes&nbsp;a los Hospitales Universitario de Toledo y Pr\u00edncipe de Asturias de Alcal\u00e1 de Henares de Madrid.<\/p>\n\n\n\n<div class=\"wp-block-buttons is-layout-flex wp-block-buttons-is-layout-flex\">\n<div class=\"wp-block-button\"><a class=\"wp-block-button__link wp-element-button\" href=\"http:\/\/absys.dacya.ucm.es\/?page_id=773\"> Saber m\u00e1s <\/a><\/div>\n<\/div>\n<\/div><\/div>\n<\/div><\/div>\n\n\n\n<hr class=\"wp-block-separator has-css-opacity\"\/>\n\n\n\n<div style=\"height:32px\" aria-hidden=\"true\" class=\"wp-block-spacer\"><\/div>\n\n\n\n<h2 class=\"wp-block-heading has-text-align-center has-3-xl-font-size\">Financiadores<\/h2>\n\n\n\n<div class=\"wp-block-columns alignwide are-vertically-aligned-center is-layout-flex wp-container-core-columns-is-layout-9d6595d7 wp-block-columns-is-layout-flex\">\n<div class=\"wp-block-column is-vertically-aligned-center is-layout-flow wp-block-column-is-layout-flow\"><div class=\"wp-block-image\">\n<figure class=\"aligncenter size-full is-resized\"><img loading=\"lazy\" decoding=\"async\" width=\"600\" height=\"219\" src=\"http:\/\/absys.dacya.ucm.es\/wp-content\/uploads\/2020\/09\/investigacion_comunidad_madrid.jpg\" alt=\"\" class=\"wp-image-1015\" style=\"width:368px;height:auto\" srcset=\"http:\/\/absys.dacya.ucm.es\/wp-content\/uploads\/2020\/09\/investigacion_comunidad_madrid.jpg 600w, http:\/\/absys.dacya.ucm.es\/wp-content\/uploads\/2020\/09\/investigacion_comunidad_madrid-300x110.jpg 300w\" sizes=\"(max-width: 600px) 100vw, 600px\" \/><\/figure>\n<\/div><\/div>\n\n\n\n<div class=\"wp-block-column is-vertically-aligned-center is-layout-flow wp-block-column-is-layout-flow\"><div class=\"wp-block-image\">\n<figure class=\"aligncenter size-full is-resized\"><img loading=\"lazy\" decoding=\"async\" width=\"265\" height=\"219\" src=\"http:\/\/absys.dacya.ucm.es\/wp-content\/uploads\/2020\/09\/logo_ue.jpg\" alt=\"\" class=\"wp-image-1024\" style=\"width:255px;height:auto\"\/><\/figure>\n<\/div><\/div>\n\n\n\n<div class=\"wp-block-column is-vertically-aligned-center is-layout-flow wp-block-column-is-layout-flow\">\n<figure class=\"wp-block-image size-large\"><img loading=\"lazy\" decoding=\"async\" width=\"1024\" height=\"256\" src=\"http:\/\/absys.dacya.ucm.es\/wp-content\/uploads\/2024\/01\/esp-1024x256.png\" alt=\"\" class=\"wp-image-1116\" srcset=\"http:\/\/absys.dacya.ucm.es\/wp-content\/uploads\/2024\/01\/esp-1024x256.png 1024w, http:\/\/absys.dacya.ucm.es\/wp-content\/uploads\/2024\/01\/esp-300x75.png 300w, http:\/\/absys.dacya.ucm.es\/wp-content\/uploads\/2024\/01\/esp-768x192.png 768w, http:\/\/absys.dacya.ucm.es\/wp-content\/uploads\/2024\/01\/esp-1536x385.png 1536w, http:\/\/absys.dacya.ucm.es\/wp-content\/uploads\/2024\/01\/esp-2048x513.png 2048w\" sizes=\"(max-width: 1024px) 100vw, 1024px\" \/><\/figure>\n\n\n<div class=\"wp-block-image\">\n<figure class=\"aligncenter size-full is-resized\"><img loading=\"lazy\" decoding=\"async\" width=\"299\" height=\"26\" src=\"http:\/\/absys.dacya.ucm.es\/wp-content\/uploads\/2024\/02\/eugenio.png\" alt=\"\" class=\"wp-image-1181\" style=\"width:436px;height:auto\"\/><\/figure>\n<\/div><\/div>\n<\/div>\n\n\n\n<div class=\"wp-block-buttons is-content-justification-center is-layout-flex wp-container-core-buttons-is-layout-16018d1d wp-block-buttons-is-layout-flex\">\n<div class=\"wp-block-button\"><a class=\"wp-block-button__link wp-element-button\" href=\"http:\/\/absys.dacya.ucm.es\/?page_id=292\"> Saber m\u00e1s <\/a><\/div>\n<\/div>\n\n\n\n<hr class=\"wp-block-separator has-css-opacity\"\/>\n\n\n\n<h2 class=\"wp-block-heading has-text-align-center has-3-xl-font-size\">\u00bfM\u00e1s informaci\u00f3n? Cont\u00e1ctanos<\/h2>\n\n\n\n<p class=\"has-text-align-center\">Estamos aqu\u00ed para asisitirte. Cont\u00e1ctanos por tel\u00e9fono o mediante nuestros canales sociales.&nbsp;<\/p>\n\n\n\n<div class=\"wp-block-buttons is-content-justification-center is-layout-flex wp-container-core-buttons-is-layout-16018d1d wp-block-buttons-is-layout-flex\">\n<div class=\"wp-block-button\"><a class=\"wp-block-button__link wp-element-button\" href=\"http:\/\/absys.dacya.ucm.es\/?page_id=253\"> Contactar <\/a><\/div>\n<\/div>\n\n\n\n<p><\/p>\n","protected":false},"excerpt":{"rendered":"<p>Financiadores \u00bfM\u00e1s informaci\u00f3n? Cont\u00e1ctanos Estamos aqu\u00ed para asisitirte. Cont\u00e1ctanos por tel\u00e9fono o mediante nuestros canales sociales.&nbsp;<\/p>\n","protected":false},"author":1,"featured_media":0,"parent":0,"menu_order":0,"comment_status":"closed","ping_status":"open","template":"page-templates\/wide.php","meta":{"_angie_page":false,"footnotes":""},"class_list":["post-320","page","type-page","status-publish","hentry","entry"],"jetpack_sharing_enabled":true,"_links":{"self":[{"href":"http:\/\/absys.dacya.ucm.es\/index.php?rest_route=\/wp\/v2\/pages\/320","targetHints":{"allow":["GET"]}}],"collection":[{"href":"http:\/\/absys.dacya.ucm.es\/index.php?rest_route=\/wp\/v2\/pages"}],"about":[{"href":"http:\/\/absys.dacya.ucm.es\/index.php?rest_route=\/wp\/v2\/types\/page"}],"author":[{"embeddable":true,"href":"http:\/\/absys.dacya.ucm.es\/index.php?rest_route=\/wp\/v2\/users\/1"}],"replies":[{"embeddable":true,"href":"http:\/\/absys.dacya.ucm.es\/index.php?rest_route=%2Fwp%2Fv2%2Fcomments&post=320"}],"version-history":[{"count":45,"href":"http:\/\/absys.dacya.ucm.es\/index.php?rest_route=\/wp\/v2\/pages\/320\/revisions"}],"predecessor-version":[{"id":1431,"href":"http:\/\/absys.dacya.ucm.es\/index.php?rest_route=\/wp\/v2\/pages\/320\/revisions\/1431"}],"wp:attachment":[{"href":"http:\/\/absys.dacya.ucm.es\/index.php?rest_route=%2Fwp%2Fv2%2Fmedia&parent=320"}],"curies":[{"name":"wp","href":"https:\/\/api.w.org\/{rel}","templated":true}]}}